{"id":42801,"date":"2026-05-08T10:02:00","date_gmt":"2026-05-08T07:02:00","guid":{"rendered":"https:\/\/siulubangos.lt\/?post_type=product&#038;p=42801"},"modified":"2026-05-08T10:02:03","modified_gmt":"2026-05-08T07:02:03","slug":"drops-lima-alpaku-vilna-vilnos-siulai","status":"publish","type":"product","link":"https:\/\/siulubangos.lt\/lv\/parduotuve\/drops-lima-alpaku-vilna-vilnos-siulai\/","title":{"rendered":"Drops LIMA (alpak\u0173 vilna, vilna)"},"content":{"rendered":"<h1>Drops LIMA (65% vilna, 35% alpak\u0173 vilna) &#8211; Puikus pasirinkimas vertinantiems nat\u016brali\u0105 viln\u0105 ir ilgaam\u017ei\u0161kum\u0105!<\/h1>\n<p><a href=\"https:\/\/siulubangos.lt\/wp-content\/uploads\/2026\/05\/drops-lima-1.jpg\"><img loading=\"lazy\" decoding=\"async\" class=\"alignnone wp-image-42892\" src=\"https:\/\/siulubangos.lt\/wp-content\/uploads\/2026\/05\/drops-lima-1.jpg\" alt=\"\" width=\"560\" height=\"560\" title=\"\" srcset=\"https:\/\/siulubangos.lt\/wp-content\/uploads\/2026\/05\/drops-lima-1.jpg 800w, https:\/\/siulubangos.lt\/wp-content\/uploads\/2026\/05\/drops-lima-1-300x300.jpg 300w, https:\/\/siulubangos.lt\/wp-content\/uploads\/2026\/05\/drops-lima-1-150x150.jpg 150w, https:\/\/siulubangos.lt\/wp-content\/uploads\/2026\/05\/drops-lima-1-768x768.jpg 768w, https:\/\/siulubangos.lt\/wp-content\/uploads\/2026\/05\/drops-lima-1-12x12.jpg 12w, https:\/\/siulubangos.lt\/wp-content\/uploads\/2026\/05\/drops-lima-1-600x600.jpg 600w\" sizes=\"auto, (max-width: 560px) 100vw, 560px\" \/><\/a> <a href=\"https:\/\/siulubangos.lt\/wp-content\/uploads\/2026\/05\/drops-lima-2.jpg\"><img loading=\"lazy\" decoding=\"async\" class=\"alignnone wp-image-42893\" src=\"https:\/\/siulubangos.lt\/wp-content\/uploads\/2026\/05\/drops-lima-2.jpg\" alt=\"\" width=\"560\" height=\"560\" title=\"\" srcset=\"https:\/\/siulubangos.lt\/wp-content\/uploads\/2026\/05\/drops-lima-2.jpg 800w, https:\/\/siulubangos.lt\/wp-content\/uploads\/2026\/05\/drops-lima-2-300x300.jpg 300w, https:\/\/siulubangos.lt\/wp-content\/uploads\/2026\/05\/drops-lima-2-150x150.jpg 150w, https:\/\/siulubangos.lt\/wp-content\/uploads\/2026\/05\/drops-lima-2-768x768.jpg 768w, https:\/\/siulubangos.lt\/wp-content\/uploads\/2026\/05\/drops-lima-2-12x12.jpg 12w, https:\/\/siulubangos.lt\/wp-content\/uploads\/2026\/05\/drops-lima-2-600x600.jpg 600w\" sizes=\"auto, (max-width: 560px) 100vw, 560px\" \/><\/a> <a href=\"https:\/\/siulubangos.lt\/wp-content\/uploads\/2026\/05\/drops-lima-8.jpg\"><img loading=\"lazy\" decoding=\"async\" class=\"alignnone wp-image-42894\" src=\"https:\/\/siulubangos.lt\/wp-content\/uploads\/2026\/05\/drops-lima-8.jpg\" alt=\"\" width=\"561\" height=\"561\" title=\"\" srcset=\"https:\/\/siulubangos.lt\/wp-content\/uploads\/2026\/05\/drops-lima-8.jpg 2000w, https:\/\/siulubangos.lt\/wp-content\/uploads\/2026\/05\/drops-lima-8-300x300.jpg 300w, https:\/\/siulubangos.lt\/wp-content\/uploads\/2026\/05\/drops-lima-8-800x800.jpg 800w, https:\/\/siulubangos.lt\/wp-content\/uploads\/2026\/05\/drops-lima-8-150x150.jpg 150w, https:\/\/siulubangos.lt\/wp-content\/uploads\/2026\/05\/drops-lima-8-768x768.jpg 768w, https:\/\/siulubangos.lt\/wp-content\/uploads\/2026\/05\/drops-lima-8-1536x1536.jpg 1536w, https:\/\/siulubangos.lt\/wp-content\/uploads\/2026\/05\/drops-lima-8-12x12.jpg 12w, https:\/\/siulubangos.lt\/wp-content\/uploads\/2026\/05\/drops-lima-8-600x600.jpg 600w, https:\/\/siulubangos.lt\/wp-content\/uploads\/2026\/05\/drops-lima-8-1200x1200.jpg 1200w\" sizes=\"auto, (max-width: 561px) 100vw, 561px\" \/><\/a> <a href=\"https:\/\/siulubangos.lt\/wp-content\/uploads\/2026\/05\/drops-lima-9.jpg\"><img loading=\"lazy\" decoding=\"async\" class=\"alignnone wp-image-42895\" src=\"https:\/\/siulubangos.lt\/wp-content\/uploads\/2026\/05\/drops-lima-9.jpg\" alt=\"\" width=\"560\" height=\"400\" title=\"\" srcset=\"https:\/\/siulubangos.lt\/wp-content\/uploads\/2026\/05\/drops-lima-9.jpg 2560w, https:\/\/siulubangos.lt\/wp-content\/uploads\/2026\/05\/drops-lima-9-400x286.jpg 400w, https:\/\/siulubangos.lt\/wp-content\/uploads\/2026\/05\/drops-lima-9-1120x800.jpg 1120w, https:\/\/siulubangos.lt\/wp-content\/uploads\/2026\/05\/drops-lima-9-768x549.jpg 768w, https:\/\/siulubangos.lt\/wp-content\/uploads\/2026\/05\/drops-lima-9-1536x1097.jpg 1536w, https:\/\/siulubangos.lt\/wp-content\/uploads\/2026\/05\/drops-lima-9-2048x1463.jpg 2048w, https:\/\/siulubangos.lt\/wp-content\/uploads\/2026\/05\/drops-lima-9-18x12.jpg 18w, https:\/\/siulubangos.lt\/wp-content\/uploads\/2026\/05\/drops-lima-9-600x429.jpg 600w, https:\/\/siulubangos.lt\/wp-content\/uploads\/2026\/05\/drops-lima-9-1200x857.jpg 1200w, https:\/\/siulubangos.lt\/wp-content\/uploads\/2026\/05\/drops-lima-9-150x107.jpg 150w\" sizes=\"auto, (max-width: 560px) 100vw, 560px\" \/><\/a><\/p>\n<p>Drops LIMA yra puikus pasirinkimas d\u0117l savo unikalios sud\u0117ties &#8211; \u010dia susitinka alpak\u0173 vilnos \u0161velnumas ir highland vilnos tvirtumas. Tai si\u016blai, kurie ne tik gra\u017eiai nugula \u012f ra\u0161tus, bet ir u\u017etikrina, kad j\u016bs\u0173 numegztas drabu\u017eis nei\u0161sitampys ir d\u017eiugins ne vien\u0105 sezon\u0105. Nesvarbu, ar mezgate klasikin\u012f megztin\u012f, ar \u0161iltus \u017eiemos aksesuarus, LIMA suteikia t\u0105 profesionali\u0105 i\u0161vaizd\u0105, kurios ie\u0161ko kiekviena mezg\u0117ja.<\/p>\n<div id=\"gtx-trans\" style=\"position: absolute; left: 133px; top: 642.094px;\">\n<div class=\"gtx-trans-icon\"><\/div>\n<\/div>\n<h3>Kod\u0117l verta rinktis Drops LIMA?<\/h3>\n<p>Drops LIMA yra vienas populiariausi\u0173 pasirinkim\u0173 Drops Design asortimente, ir tai n\u0117ra atsitiktinumas. Tai si\u016blai sujungiantys dvi geriausias nat\u016brali\u0173 pluo\u0161t\u0173 savybes. Highland vilna suteikia mezginiui stabilumo ir atsparumo d\u0117v\u0117jimuisi, o alpak\u0173 vilna prideda subtilaus \u0161velnumo ir jaukumo poj\u016b\u010dio.<\/p>\n<h3>Pagrindin\u0117s savyb\u0117s ir privalumai<\/h3>\n<ul>\n<li>Nat\u016bralumas be chemijos: \u0160ie si\u016blai n\u0117ra apdoroti cheminiu b\u016bdu prie\u0161 da\u017eym\u0105 (nenaudojamas \u201esuperwash\u201c procesas). Tai leid\u017eia pluo\u0161tui i\u0161laikyti savo geriausias savybes: jis geriau \u201ekv\u0117puoja\u201c, geriau izoliuoja \u0161ilum\u0105 ir turi gra\u017ei\u0105, nat\u016brali\u0105 tekst\u016br\u0105.<\/li>\n<li>Idealus tekst\u016broms: D\u0117l savo vijimo strukt\u016bros LIMA ne\u012ftik\u0117tinai ry\u0161kiai i\u0161ry\u0161kina pynes, stulpelius ir kitus reljefinius ra\u0161tus. Tai taip pat vienas geriausi\u0173 pasirinkim\u0173: puikiai tinka tradiciniams ra\u0161tuotiems mezginiams, kai vienu metu mezgama keliomis spalvomis.<\/li>\n<li>Universalumas: Nors si\u016blas pakankamai tvirtas lauko drabu\u017eiams, jis i\u0161lieka malonus d\u0117v\u0117ti. I\u0161 jo numegzti megztiniai, liemen\u0117s ar kepur\u0117s pasi\u017eymi ta jaukia, vilnos \u0161iluma, kurios nepermu\u0161a joks sintetinis priedas.<\/li>\n<\/ul>\n<h3>Rekomendacijos naudojimui<\/h3>\n<ul>\n<li>Kam tinka: Vyri\u0161kiems ir moteri\u0161kiems laisvalaikio megztiniams, \u0161iltoms liemen\u0117ms, kepur\u0117ms bei pir\u0161tin\u0117ms.<\/li>\n<li>Prie\u017ei\u016bra: Kad mezginys d\u017eiugint\u0173 ilgai, rekomenduojame skalbti tik rankomis drungname vandenyje ir d\u017eiovinti patiesus horizontaliai.<\/li>\n<li>Mezgimo tankis: Rekomenduojamas virbal\u0173 dydis &#8211; 4 mm, ta\u010diau priklausomai nuo j\u016bs\u0173 mezgimo stiliaus, galite varijuoti, siekdami norimo audinio tankumo.<\/li>\n<\/ul>\n<p>Nemokamos schemos. Spausti <a href=\"https:\/\/www.garnstudio.com\/search.php?action=browse&amp;y=drops-lima&amp;lang=en\" target=\"_blank\" rel=\"noopener\">\u0160EIT<\/a><\/p>\n<p>&nbsp;<\/p>","protected":false},"excerpt":{"rendered":"<p>Drops LIMA -tai laiko patikrinta klasika, sukurta tiems, kurie vertina nat\u016bralum\u0105 ir ilgaam\u017ei\u0161kum\u0105. \u0160ie keturi\u0173 gij\u0173 verpalai pasi\u017eymi puikiu balansu tarp 55% vilnos suteikiamos \u0161ilumos ir 45% alpak\u0173 vilnos mink\u0161tumo. Jis tvirtas, puikiai i\u0161laiko gaminio form\u0105 ir idealiai tinka tiek reljefiniams ra\u0161tams, tiek spalvingiems pynimams (pavyzd\u017eiui, norvegi\u0161kiems megztiniams). Jei ie\u0161kote patikimo pasirinkimo kasdieniam drabu\u017eiui, kuris ne tik \u0161ildyt\u0173, bet ir tarnaut\u0173 ne vien\u0105 sezon\u0105 &#8211; LIMA yra saugiausias j\u016bs\u0173 pasirinkimas.<\/p>","protected":false},"featured_media":42888,"template":"","meta":{"_acf_changed":false},"product_brand":[559],"product_cat":[58,417,448,428,454,445],"product_tag":[594],"class_list":{"0":"post-42801","1":"product","2":"type-product","3":"status-publish","4":"has-post-thumbnail","6":"product_brand-drops","7":"product_cat-siulai-mezgimui","8":"product_cat-alpakos-siulai","9":"product_cat-drops-siulai","10":"product_cat-gamintojas","11":"product_cat-naujienos-siulai","12":"product_cat-vilnos-siulai","13":"product_tag-drops","14":"pa_spalva-drops-lima-0100-balksva","15":"pa_spalva-drops-lima-0206-kvieciai","16":"pa_spalva-drops-lima-0519-tamsiai-pilka","17":"pa_spalva-drops-lima-0619-rusva","18":"pa_spalva-drops-lima-0701-gilus-vandenynas","19":"pa_spalva-drops-lima-0705-alyvuoges","20":"pa_spalva-drops-lima-0707-rudziu","21":"pa_spalva-drops-lima-1101-balta","22":"pa_spalva-drops-lima-2923-geltona","23":"pa_spalva-drops-lima-3145-svelni-rozine","24":"pa_spalva-drops-lima-3609-raudona","25":"pa_spalva-drops-lima-4305-indigo","26":"pa_spalva-drops-lima-4434-violetine","27":"pa_spalva-drops-lima-5310-pilkai-rusva","28":"pa_spalva-drops-lima-5610-kakavos-ruda","29":"pa_spalva-drops-lima-5820-rubinas","30":"pa_spalva-drops-lima-6235-dzinso-melyna","31":"pa_spalva-drops-lima-7810-sendinta-zalia","32":"pa_spalva-drops-lima-8465-akmens-pilka","33":"pa_spalva-drops-lima-8903-juoda","34":"pa_spalva-drops-lima-9015-pilka","35":"pa_spalva-drops-lima-9016-tamsi-melyna","36":"pa_spalva-drops-lima-9018-juros-zalia","37":"pa_spalva-drops-lima-9020-perlo-pilka","38":"pa_spalva-drops-lima-9021-plytu-raudona","39":"pa_spalva-drops-lima-9022-skaistalai","40":"pa_spalva-drops-lima-9023-kastonine","41":"pa_spalva-drops-lima-9024-migdolai","42":"pa_spalva-drops-lima-9025-kalkes","43":"pa_spalva-drops-lima-9026-riesutu-kremas","44":"pa_spalva-drops-lima-9027-sviesi-melyna","45":"pa_spalva-drops-lima-9028-ryski-rozine","46":"pa_spalva-drops-lima-9029-salaviju-zalia","47":"pa_spalva-drops-lima-9030-gebene","48":"pa_spalva-drops-lima-9031-pistaciju-ledai","49":"pa_spalva-drops-lima-9032-rukas","50":"pa_spalva-drops-lima-9033-ledo-zydra","51":"pa_svoris-ilgis-50-g-100-m","53":"first","54":"instock","55":"taxable","56":"shipping-taxable","57":"purchasable","58":"product-type-variable"},"acf":[],"_links":{"self":[{"href":"https:\/\/siulubangos.lt\/lv\/wp-json\/wp\/v2\/product\/42801","targetHints":{"allow":["GET"]}}],"collection":[{"href":"https:\/\/siulubangos.lt\/lv\/wp-json\/wp\/v2\/product"}],"about":[{"href":"https:\/\/siulubangos.lt\/lv\/wp-json\/wp\/v2\/types\/product"}],"version-history":[{"count":2,"href":"https:\/\/siulubangos.lt\/lv\/wp-json\/wp\/v2\/product\/42801\/revisions"}],"predecessor-version":[{"id":42948,"href":"https:\/\/siulubangos.lt\/lv\/wp-json\/wp\/v2\/product\/42801\/revisions\/42948"}],"wp:featuredmedia":[{"embeddable":true,"href":"https:\/\/siulubangos.lt\/lv\/wp-json\/wp\/v2\/media\/42888"}],"wp:attachment":[{"href":"https:\/\/siulubangos.lt\/lv\/wp-json\/wp\/v2\/media?parent=42801"}],"wp:term":[{"taxonomy":"product_brand","embeddable":true,"href":"https:\/\/siulubangos.lt\/lv\/wp-json\/wp\/v2\/product_brand?post=42801"},{"taxonomy":"product_cat","embeddable":true,"href":"https:\/\/siulubangos.lt\/lv\/wp-json\/wp\/v2\/product_cat?post=42801"},{"taxonomy":"product_tag","embeddable":true,"href":"https:\/\/siulubangos.lt\/lv\/wp-json\/wp\/v2\/product_tag?post=42801"}],"curies":[{"name":"wp","href":"https:\/\/api.w.org\/{rel}","templated":true}]}}