{"id":43046,"date":"2026-05-13T10:15:53","date_gmt":"2026-05-13T07:15:53","guid":{"rendered":"https:\/\/siulubangos.lt\/?post_type=product&#038;p=43046"},"modified":"2026-05-13T10:15:54","modified_gmt":"2026-05-13T07:15:54","slug":"rafijos-siulai-katia-wow-raffia-viskoze","status":"publish","type":"product","link":"https:\/\/siulubangos.lt\/lv\/parduotuve\/rafijos-siulai-katia-wow-raffia-viskoze\/","title":{"rendered":"Katia\u00a0WOW RAFFIA (100% viskoz\u0117)"},"content":{"rendered":"<h1>\u00a0Riboto leidimo rafijos si\u016blai Katia WOW RAFFIA &#8211; stilingiems vasaros aksesuarams!<\/h1>\n<h2><a href=\"https:\/\/siulubangos.lt\/wp-content\/uploads\/2026\/05\/katia-wow-raffia-1-2.jpg\">\u00a0<img loading=\"lazy\" decoding=\"async\" class=\"alignnone wp-image-43060\" src=\"https:\/\/siulubangos.lt\/wp-content\/uploads\/2026\/05\/katia-wow-raffia-1-2.jpg\" alt=\"\" width=\"499\" height=\"499\" title=\"\" srcset=\"https:\/\/siulubangos.lt\/wp-content\/uploads\/2026\/05\/katia-wow-raffia-1-2.jpg 376w, https:\/\/siulubangos.lt\/wp-content\/uploads\/2026\/05\/katia-wow-raffia-1-2-300x300.jpg 300w, https:\/\/siulubangos.lt\/wp-content\/uploads\/2026\/05\/katia-wow-raffia-1-2-150x150.jpg 150w, https:\/\/siulubangos.lt\/wp-content\/uploads\/2026\/05\/katia-wow-raffia-1-2-12x12.jpg 12w\" sizes=\"auto, (max-width: 499px) 100vw, 499px\" \/>\u00a0<\/a> <a href=\"https:\/\/siulubangos.lt\/wp-content\/uploads\/2026\/05\/katia-wow-raffia-1-3.jpg\"><img loading=\"lazy\" decoding=\"async\" class=\"alignnone wp-image-43061\" src=\"https:\/\/siulubangos.lt\/wp-content\/uploads\/2026\/05\/katia-wow-raffia-1-3.jpg\" alt=\"\" width=\"499\" height=\"499\" title=\"\" srcset=\"https:\/\/siulubangos.lt\/wp-content\/uploads\/2026\/05\/katia-wow-raffia-1-3.jpg 376w, https:\/\/siulubangos.lt\/wp-content\/uploads\/2026\/05\/katia-wow-raffia-1-3-300x300.jpg 300w, https:\/\/siulubangos.lt\/wp-content\/uploads\/2026\/05\/katia-wow-raffia-1-3-150x150.jpg 150w, https:\/\/siulubangos.lt\/wp-content\/uploads\/2026\/05\/katia-wow-raffia-1-3-12x12.jpg 12w\" sizes=\"auto, (max-width: 499px) 100vw, 499px\" \/>\u00a0<\/a> <a href=\"https:\/\/siulubangos.lt\/wp-content\/uploads\/2026\/05\/katia-wow-raffia-1-4.jpg\"><img loading=\"lazy\" decoding=\"async\" class=\"alignnone wp-image-43062\" src=\"https:\/\/siulubangos.lt\/wp-content\/uploads\/2026\/05\/katia-wow-raffia-1-4.jpg\" alt=\"\" width=\"499\" height=\"499\" title=\"\" srcset=\"https:\/\/siulubangos.lt\/wp-content\/uploads\/2026\/05\/katia-wow-raffia-1-4.jpg 376w, https:\/\/siulubangos.lt\/wp-content\/uploads\/2026\/05\/katia-wow-raffia-1-4-300x300.jpg 300w, https:\/\/siulubangos.lt\/wp-content\/uploads\/2026\/05\/katia-wow-raffia-1-4-150x150.jpg 150w, https:\/\/siulubangos.lt\/wp-content\/uploads\/2026\/05\/katia-wow-raffia-1-4-12x12.jpg 12w\" sizes=\"auto, (max-width: 499px) 100vw, 499px\" \/><\/a> <a href=\"https:\/\/siulubangos.lt\/wp-content\/uploads\/2026\/05\/katia-wow-raffia-1-6.jpg\">\u00a0<img loading=\"lazy\" decoding=\"async\" class=\"alignnone wp-image-43063\" src=\"https:\/\/siulubangos.lt\/wp-content\/uploads\/2026\/05\/katia-wow-raffia-1-6.jpg\" alt=\"\" width=\"499\" height=\"499\" title=\"\" srcset=\"https:\/\/siulubangos.lt\/wp-content\/uploads\/2026\/05\/katia-wow-raffia-1-6.jpg 376w, https:\/\/siulubangos.lt\/wp-content\/uploads\/2026\/05\/katia-wow-raffia-1-6-300x300.jpg 300w, https:\/\/siulubangos.lt\/wp-content\/uploads\/2026\/05\/katia-wow-raffia-1-6-150x150.jpg 150w, https:\/\/siulubangos.lt\/wp-content\/uploads\/2026\/05\/katia-wow-raffia-1-6-12x12.jpg 12w\" sizes=\"auto, (max-width: 499px) 100vw, 499px\" \/>\u00a0 <\/a><a href=\"https:\/\/siulubangos.lt\/wp-content\/uploads\/2026\/05\/katia-wow-raffia-1-1.jpg\"><img loading=\"lazy\" decoding=\"async\" class=\"alignnone wp-image-43059\" src=\"https:\/\/siulubangos.lt\/wp-content\/uploads\/2026\/05\/katia-wow-raffia-1-1.jpg\" alt=\"\" width=\"498\" height=\"498\" title=\"\" srcset=\"https:\/\/siulubangos.lt\/wp-content\/uploads\/2026\/05\/katia-wow-raffia-1-1.jpg 376w, https:\/\/siulubangos.lt\/wp-content\/uploads\/2026\/05\/katia-wow-raffia-1-1-300x300.jpg 300w, https:\/\/siulubangos.lt\/wp-content\/uploads\/2026\/05\/katia-wow-raffia-1-1-150x150.jpg 150w, https:\/\/siulubangos.lt\/wp-content\/uploads\/2026\/05\/katia-wow-raffia-1-1-12x12.jpg 12w\" sizes=\"auto, (max-width: 498px) 100vw, 498px\" \/><\/a><\/h2>\n<p>Pasiruo\u0161kite k\u016brybiniam WOW efektui! Riboto leidimo rafijos si\u016blai WOW RAFFIA sujungia visk\u0105, ko reikia tobulam vasaros projektui: lengvum\u0105, subtil\u0173 \u017evilges\u012f ir saul\u0117t\u0105 nuotaik\u0105. Tai si\u016blai, kurie \u012fkvepia kurti ir leid\u017eia m\u0117gautis greitu bei efektingu rezultatu.<\/p>\n<h3>Kod\u0117l verta rinktis WOW RAFFIA?<\/h3>\n<ul>\n<li>Maksimalus produktyvumas: Formul\u0117 paprasta: viena si\u016bl\u0173 sruoga = vienas projektas. Jums nereik\u0117s sukti galvos d\u0117l liku\u010di\u0173 ar papildom\u0173 sruog\u0173 paie\u0161kos. Tai idealus pasirinkimas tiek pradedantiesiems, tiek patyrusiems mezgimo bei n\u0117rimo entuziastams.<\/li>\n<li>I\u0161skirtin\u0117 tekst\u016bra: \u0160ie rafijos si\u016blai pasi\u017eymi ypatingu lengvumu ir vasari\u0161ku elastingumu. Sukurtas gaminys puikiai laiko form\u0105, ta\u010diau i\u0161lieka malonus liesti.<\/li>\n<li>Unikalus \u012fvaizdis: Subtilus si\u016blo \u017evilgesys suteikia rank\u0173 darbo gaminiams prabangos ir i\u0161skirtinumo jausm\u0105.<\/li>\n<\/ul>\n<h3>K\u0105 galima sukurti i\u0161 WOW RAFFIA?<\/h3>\n<p>\u0160ie si\u016blai yra ne\u012ftik\u0117tinai universal\u016bs. Klient\u0173 populiariausi pasirinkimai:<\/p>\n<ul>\n<li>Madingos rankin\u0117s ir krep\u0161iai: Nuo eleganti\u0161k\u0173 delninuki\u0173 iki erdvi\u0173 papl\u016bdimio krep\u0161i\u0173.<\/li>\n<li>Vasaros skryb\u0117l\u0117s ir kepurait\u0117s: Stilinga apsauga nuo saul\u0117s, kuri leid\u017eia odai kv\u0117puoti.<\/li>\n<li>Nam\u0173 dekoras: Stilingi pad\u0117kliukai, krep\u0161eliai smulkmenoms ar vazon\u0173 d\u0117klai.<\/li>\n<\/ul>\n<p>Kadangi tai yra riboto leidimo (Limited Edition) serija, antr\u0105 kart\u0105 \u0161i\u0173 atspalvi\u0173 gamyba gali neb\u016bti kartojama. Nepraleiskite progos susikurti aksesuar\u0105, kuris bus toks pat unikalus, kaip ir j\u016bs!<\/p>\n<h3>\u00a0Gamini\u0173 i\u0161 WOW RAFFIA prie\u017ei\u016bra:<\/h3>\n<p>Kadangi \u0161ie si\u016blai pagaminti i\u0161 nat\u016bralaus medienos plau\u0161o, jiems reikalinga \u0161velnesn\u0117 prie\u017ei\u016bra nei \u012fprastiems tekstil\u0117s gaminiams:<\/p>\n<ul>\n<li>Kasdien\u0117 prie\u017ei\u016bra: Geriausia valyti dr\u0117gna \u0161luoste arba \u0161velnia kempin\u0117le.<\/li>\n<li>Jei i\u0161sipurvino stipriau: Rekomenduojamas vietinis plovimas rankomis v\u0117siame vandenyje, naudojant \u0161velni\u0105 priemon\u0119. Nemirkykite ir stipriai netrinkite.<\/li>\n<li>D\u017eiovinimas: Nusausinkite rank\u0161luos\u010diu ir d\u017eiovinkite patiesus horizontaliai. \u012e rankin\u0117s vid\u0173 galite \u012fd\u0117ti rank\u0161luost\u012f, kad d\u017ei\u016bdama ji i\u0161laikyt\u0173 savo pradin\u0119 form\u0105.<\/li>\n<li>Draud\u017eiama: Neskalbkite skalbimo ma\u0161inoje, ned\u017eiovinkite d\u017eiovykl\u0117je ir nenaudokite balikli\u0173.<\/li>\n<li>Naudingas patarimas: Jei nertas krep\u0161ys ar skryb\u0117l\u0117 susiglam\u017e\u0117 ar prarado form\u0105, i\u0161lyginkite gamin\u012f lygintuvo garais (per dr\u0117gn\u0105 audin\u012f). Kar\u0161ti garai akimirksniu sugr\u0105\u017eins rafijai pradin\u012f standum\u0105 ir gro\u017e\u012f!<\/li>\n<\/ul>","protected":false},"excerpt":{"rendered":"<p>Riboto leidimo rafijos si\u016blai WOW RAFFIA sukurti greitam ir efektingam rezultatui! \u0160ie lengvi, subtiliai \u017evilgantys si\u016blai idealiai tinka stiling\u0173 rank\u0173 darbo rankini\u0173, papl\u016bdimio krep\u0161i\u0173 ir vasarini\u0173 skryb\u0117li\u0173 n\u0117rimui. Si\u016blas paklusnus, mezgasi ar neriasi ne\u012ftik\u0117tinai spar\u010diai. Suteikia gaminiams vasari\u0161ko lengvumo ir madingos tekst\u016bros. I\u0161reik\u0161k save ir susikurk unikal\u0173 vasaros aksesuar\u0105 jau dabar!<\/p>","protected":false},"featured_media":43056,"template":"","meta":{"_acf_changed":false},"product_brand":[556],"product_cat":[58,428,449,454,2061,429,444],"product_tag":[307],"class_list":{"0":"post-43046","1":"product","2":"type-product","3":"status-publish","4":"has-post-thumbnail","6":"product_brand-katia","7":"product_cat-siulai-mezgimui","8":"product_cat-gamintojas","9":"product_cat-katia-siulai","10":"product_cat-naujienos-siulai","11":"product_cat-rafijos-siulai","12":"product_cat-sudetis","13":"product_cat-viskozes-siulai","14":"product_tag-katia","15":"pa_spalva-katia-wow-rafija-61-pilka","16":"pa_spalva-katia-wow-rafija-62-juoda","17":"pa_spalva-katia-wow-rafija-64-rausva","18":"pa_spalva-katia-wow-rafija-65-rozine","19":"pa_spalva-katia-wow-rafija-69-zalia","20":"pa_spalva-katia-wow-rafija-70-alyvuoge","21":"pa_spalva-katia-wow-rafija-71-pilkai-melyna","22":"pa_spalva-katia-wow-rafija-72-turkio","23":"pa_spalva-katia-wow-rafija-73-violetine","24":"pa_spalva-katia-wow-rafija-74-melyna","25":"pa_svoris-ilgis-50g-115m","27":"first","28":"instock","29":"taxable","30":"shipping-taxable","31":"purchasable","32":"product-type-variable"},"acf":[],"_links":{"self":[{"href":"https:\/\/siulubangos.lt\/lv\/wp-json\/wp\/v2\/product\/43046","targetHints":{"allow":["GET"]}}],"collection":[{"href":"https:\/\/siulubangos.lt\/lv\/wp-json\/wp\/v2\/product"}],"about":[{"href":"https:\/\/siulubangos.lt\/lv\/wp-json\/wp\/v2\/types\/product"}],"version-history":[{"count":3,"href":"https:\/\/siulubangos.lt\/lv\/wp-json\/wp\/v2\/product\/43046\/revisions"}],"predecessor-version":[{"id":43075,"href":"https:\/\/siulubangos.lt\/lv\/wp-json\/wp\/v2\/product\/43046\/revisions\/43075"}],"wp:featuredmedia":[{"embeddable":true,"href":"https:\/\/siulubangos.lt\/lv\/wp-json\/wp\/v2\/media\/43056"}],"wp:attachment":[{"href":"https:\/\/siulubangos.lt\/lv\/wp-json\/wp\/v2\/media?parent=43046"}],"wp:term":[{"taxonomy":"product_brand","embeddable":true,"href":"https:\/\/siulubangos.lt\/lv\/wp-json\/wp\/v2\/product_brand?post=43046"},{"taxonomy":"product_cat","embeddable":true,"href":"https:\/\/siulubangos.lt\/lv\/wp-json\/wp\/v2\/product_cat?post=43046"},{"taxonomy":"product_tag","embeddable":true,"href":"https:\/\/siulubangos.lt\/lv\/wp-json\/wp\/v2\/product_tag?post=43046"}],"curies":[{"name":"wp","href":"https:\/\/api.w.org\/{rel}","templated":true}]}}